{"id":108,"date":"2014-09-24T20:22:59","date_gmt":"2014-09-24T20:22:59","guid":{"rendered":"http:\/\/scrapbretagne.fr\/blog\/?page_id=108"},"modified":"2020-11-02T21:41:45","modified_gmt":"2020-11-02T21:41:45","slug":"materiel-mis-a-disposition","status":"publish","type":"page","link":"https:\/\/scrapbretagne.fr\/blog\/?page_id=108","title":{"rendered":"Mat\u00e9riel mis \u00e0 disposition"},"content":{"rendered":"<p style=\"text-align: left;\"><span style=\"color: #000000; font-family: 'Comic Sans MS', sans-serif;\">&nbsp;<\/span><\/p>\n<p style=\"text-align: center;\"><strong><span style=\"color: #ff0000;\">Attention ! Inventaire en cours, suivra la mise \u00e0 jour du mat\u00e9riel sur le blog<\/span><\/strong><\/p>\n<p style=\"text-align: left;\"><span style=\"color: #000000; font-family: 'Comic Sans MS', sans-serif;\">Nouveaut\u00e9s :<\/span><\/p>\n<p style=\"text-align: left;\"><span style=\"font-family: Comic Sans MS;\">Dans &#8220;Tampons&#8221;<\/span><\/p>\n<p style=\"text-align: left;\"><a href=\"http:\/\/scrapbretagne.fr\/blog\/wp-content\/uploads\/2019\/11\/Tampon-bois-Tr\u00e9sor-inestimable.jpg\"><img loading=\"lazy\" decoding=\"async\" class=\"alignnone size-medium wp-image-2700\" src=\"http:\/\/scrapbretagne.fr\/blog\/wp-content\/uploads\/2019\/11\/Tampon-bois-Tr\u00e9sor-inestimable-300x216.jpg\" alt=\"Tampon bois Tr\u00e9sor inestimable\" width=\"300\" height=\"216\" srcset=\"https:\/\/scrapbretagne.fr\/blog\/wp-content\/uploads\/2019\/11\/Tampon-bois-Tr\u00e9sor-inestimable-300x216.jpg 300w, https:\/\/scrapbretagne.fr\/blog\/wp-content\/uploads\/2019\/11\/Tampon-bois-Tr\u00e9sor-inestimable-1024x739.jpg 1024w, https:\/\/scrapbretagne.fr\/blog\/wp-content\/uploads\/2019\/11\/Tampon-bois-Tr\u00e9sor-inestimable-600x433.jpg 600w\" sizes=\"auto, (max-width: 300px) 100vw, 300px\" \/><\/a> <a href=\"http:\/\/scrapbretagne.fr\/blog\/wp-content\/uploads\/2019\/11\/Tampon-bois-Souvenirs-\u00e0-cultiver.jpg\"><img loading=\"lazy\" decoding=\"async\" class=\"alignnone size-medium wp-image-2701\" src=\"http:\/\/scrapbretagne.fr\/blog\/wp-content\/uploads\/2019\/11\/Tampon-bois-Souvenirs-\u00e0-cultiver-195x300.jpg\" alt=\"Tampon bois Souvenirs \u00e0 cultiver\" width=\"195\" height=\"300\" srcset=\"https:\/\/scrapbretagne.fr\/blog\/wp-content\/uploads\/2019\/11\/Tampon-bois-Souvenirs-\u00e0-cultiver-195x300.jpg 195w, https:\/\/scrapbretagne.fr\/blog\/wp-content\/uploads\/2019\/11\/Tampon-bois-Souvenirs-\u00e0-cultiver-666x1024.jpg 666w, https:\/\/scrapbretagne.fr\/blog\/wp-content\/uploads\/2019\/11\/Tampon-bois-Souvenirs-\u00e0-cultiver-600x921.jpg 600w, https:\/\/scrapbretagne.fr\/blog\/wp-content\/uploads\/2019\/11\/Tampon-bois-Souvenirs-\u00e0-cultiver.jpg 1724w\" sizes=\"auto, (max-width: 195px) 100vw, 195px\" \/><\/a> <a href=\"http:\/\/scrapbretagne.fr\/blog\/wp-content\/uploads\/2019\/11\/Tampon-clear-Bord-de-mer.jpg\"><img loading=\"lazy\" decoding=\"async\" class=\"alignnone size-medium wp-image-2699\" src=\"http:\/\/scrapbretagne.fr\/blog\/wp-content\/uploads\/2019\/11\/Tampon-clear-Bord-de-mer-189x300.jpg\" alt=\"Tampon clear Bord de mer\" width=\"189\" height=\"300\" srcset=\"https:\/\/scrapbretagne.fr\/blog\/wp-content\/uploads\/2019\/11\/Tampon-clear-Bord-de-mer-189x300.jpg 189w, https:\/\/scrapbretagne.fr\/blog\/wp-content\/uploads\/2019\/11\/Tampon-clear-Bord-de-mer-646x1024.jpg 646w, https:\/\/scrapbretagne.fr\/blog\/wp-content\/uploads\/2019\/11\/Tampon-clear-Bord-de-mer-600x950.jpg 600w, https:\/\/scrapbretagne.fr\/blog\/wp-content\/uploads\/2019\/11\/Tampon-clear-Bord-de-mer.jpg 1776w\" sizes=\"auto, (max-width: 189px) 100vw, 189px\" \/><\/a><\/p>\n<p style=\"text-align: left;\">\n<p style=\"text-align: left;\">\n<p style=\"text-align: left;\"><span style=\"font-family: Comic Sans MS;\">Dans &#8220;Dies&#8221;<\/span><\/p>\n<p style=\"text-align: left;\">\n<p style=\"text-align: left;\"><a href=\"http:\/\/scrapbretagne.fr\/blog\/wp-content\/uploads\/2019\/11\/Dies-Fleurs-sauvages-Tim-Holtz.jpg\"><img loading=\"lazy\" decoding=\"async\" class=\"alignnone size-medium wp-image-2703\" src=\"http:\/\/scrapbretagne.fr\/blog\/wp-content\/uploads\/2019\/11\/Dies-Fleurs-sauvages-Tim-Holtz-255x300.jpg\" alt=\"Dies Fleurs sauvages Tim Holtz\" width=\"255\" height=\"300\" srcset=\"https:\/\/scrapbretagne.fr\/blog\/wp-content\/uploads\/2019\/11\/Dies-Fleurs-sauvages-Tim-Holtz-255x300.jpg 255w, https:\/\/scrapbretagne.fr\/blog\/wp-content\/uploads\/2019\/11\/Dies-Fleurs-sauvages-Tim-Holtz-872x1024.jpg 872w, https:\/\/scrapbretagne.fr\/blog\/wp-content\/uploads\/2019\/11\/Dies-Fleurs-sauvages-Tim-Holtz-600x703.jpg 600w, https:\/\/scrapbretagne.fr\/blog\/wp-content\/uploads\/2019\/11\/Dies-Fleurs-sauvages-Tim-Holtz.jpg 1836w\" sizes=\"auto, (max-width: 255px) 100vw, 255px\" \/><\/a> <a href=\"http:\/\/scrapbretagne.fr\/blog\/wp-content\/uploads\/2019\/11\/Berry-vine.jpg\"><img loading=\"lazy\" decoding=\"async\" class=\"alignnone size-medium wp-image-2702\" src=\"http:\/\/scrapbretagne.fr\/blog\/wp-content\/uploads\/2019\/11\/Berry-vine-197x300.jpg\" alt=\"Berry vine\" width=\"197\" height=\"300\" srcset=\"https:\/\/scrapbretagne.fr\/blog\/wp-content\/uploads\/2019\/11\/Berry-vine-197x300.jpg 197w, https:\/\/scrapbretagne.fr\/blog\/wp-content\/uploads\/2019\/11\/Berry-vine-674x1024.jpg 674w, https:\/\/scrapbretagne.fr\/blog\/wp-content\/uploads\/2019\/11\/Berry-vine-600x911.jpg 600w, https:\/\/scrapbretagne.fr\/blog\/wp-content\/uploads\/2019\/11\/Berry-vine.jpg 1794w\" sizes=\"auto, (max-width: 197px) 100vw, 197px\" \/><\/a><\/p>\n","protected":false},"excerpt":{"rendered":"<p>&nbsp; Attention ! Inventaire en cours, suivra la mise \u00e0 jour du mat\u00e9riel sur le blog Nouveaut\u00e9s : Dans &#8220;Tampons&#8221; Dans &#8220;Dies&#8221;<\/p>\n","protected":false},"author":1,"featured_media":0,"parent":101,"menu_order":6,"comment_status":"closed","ping_status":"closed","template":"","meta":{"footnotes":""},"class_list":["post-108","page","type-page","status-publish","hentry","without-featured-image"],"_links":{"self":[{"href":"https:\/\/scrapbretagne.fr\/blog\/index.php?rest_route=\/wp\/v2\/pages\/108","targetHints":{"allow":["GET"]}}],"collection":[{"href":"https:\/\/scrapbretagne.fr\/blog\/index.php?rest_route=\/wp\/v2\/pages"}],"about":[{"href":"https:\/\/scrapbretagne.fr\/blog\/index.php?rest_route=\/wp\/v2\/types\/page"}],"author":[{"embeddable":true,"href":"https:\/\/scrapbretagne.fr\/blog\/index.php?rest_route=\/wp\/v2\/users\/1"}],"replies":[{"embeddable":true,"href":"https:\/\/scrapbretagne.fr\/blog\/index.php?rest_route=%2Fwp%2Fv2%2Fcomments&post=108"}],"version-history":[{"count":10,"href":"https:\/\/scrapbretagne.fr\/blog\/index.php?rest_route=\/wp\/v2\/pages\/108\/revisions"}],"predecessor-version":[{"id":3680,"href":"https:\/\/scrapbretagne.fr\/blog\/index.php?rest_route=\/wp\/v2\/pages\/108\/revisions\/3680"}],"up":[{"embeddable":true,"href":"https:\/\/scrapbretagne.fr\/blog\/index.php?rest_route=\/wp\/v2\/pages\/101"}],"wp:attachment":[{"href":"https:\/\/scrapbretagne.fr\/blog\/index.php?rest_route=%2Fwp%2Fv2%2Fmedia&parent=108"}],"curies":[{"name":"wp","href":"https:\/\/api.w.org\/{rel}","templated":true}]}}