{"id":253,"date":"2014-10-08T20:37:52","date_gmt":"2014-10-08T20:37:52","guid":{"rendered":"http:\/\/scrapbretagne.fr\/blog\/?page_id=253"},"modified":"2023-09-27T16:56:28","modified_gmt":"2023-09-27T15:56:28","slug":"groupes-de-travail","status":"publish","type":"page","link":"https:\/\/scrapbretagne.fr\/blog\/?page_id=253","title":{"rendered":"Groupes de travail"},"content":{"rendered":"<p style=\"text-align: left;\"><span style=\"color: #000000; font-family: 'Calibri', sans-serif;\">Chaque groupe s&#8217;organise entre les membres actifs et le bureau&#8230;\u00a0<\/span><\/p>\n<p>&#8211; <span style=\"color: maroon; font-family: 'Calibri', sans-serif;\"><strong>Achats (papiers, tampons, perfos\u2026) <\/strong><span style=\"color: #000000; font-family: 'Calibri', sans-serif;\">(Bureau\u2026)<br \/>avec un cahier pour r\u00e9cup\u00e9rer les demandes qui ont int\u00e9r\u00eat collectif.<br \/>Solange cherchera les bonnes affaires et donnera ainsi les tendances et\u00a0 sugg\u00e9rera les listes d&#8217;achats en lien avec les ateliers lorsqu&#8217;il y aura\u00a0 des fournitures ou kits \u00e0 se procurer. Certains achats (tampon, dies, plaque \u00e0 embosser&#8230;..) seront r\u00e9pertori\u00e9s sur le blog de mani\u00e8re \u00e0 ce que les membres soient inform\u00e9s du mat\u00e9riel \u00e0 disposition.<\/span><\/span><\/p>\n<p>&#8211;<span style=\"color: maroon; font-family: 'Calibri', sans-serif;\"><strong> Planning\u00a0 des Ateliers <\/strong><span style=\"color: #000000; font-family: 'Calibri', sans-serif;\">(nous toutes + toutes les volontaires qui souhaiteraient animer les ateliers) \u00a0 Solange regroupe les id\u00e9es pour \u00e9tablir le planning mois par mois diffus\u00e9 sur le blog.<br \/>la &#8220;Superviseuse&#8221; Tiphaine regroupe les intentions de challenges. La gagnante du challenge propose le th\u00e8me suivant. Le nombre de participantes, cette ann\u00e9e, est fix\u00e9 \u00e0 5\/6. Les petits cadeaux sont choisis en relation avec la commission Achats. Les r\u00e9sultats sont publi\u00e9s sur la page d&#8217;accueil dans la rubrique du challenge en tenant compte des choix des adh\u00e9rentes concernant le droit \u00e0 l&#8217;image.<\/span><\/span><\/p>\n<p>&#8211; <span style=\"color: maroon; font-family: 'Calibri', sans-serif;\"><strong>Tr\u00e9sorerie<\/strong><span style=\"color: #000000; font-family: 'Calibri', sans-serif;\"> (Guyl\u00e8ne, H\u00e9l\u00e8ne en support)<\/span><\/span><\/p>\n<p>&#8211; <span style=\"color: maroon; font-family: 'Calibri', sans-serif;\"><strong>Gestion du mat\u00e9riel<\/strong><span style=\"color: #000000; font-family: 'Calibri', sans-serif;\"> (H\u00e9l\u00e8ne)<\/span><\/span><\/p>\n<p>&#8211; <span style=\"color: maroon; font-family: 'Calibri', sans-serif;\"><strong>Fiches Techniques, Trucs et astuces<\/strong><span style=\"color: #000000; font-family: 'Calibri', sans-serif;\"> (toutes adh\u00e9rentes) Un espace sur le blog sera d\u00e9di\u00e9 aux trucs et astuces. Il n&#8217;y aura plus d&#8217;id\u00e9es en l&#8217;air qui s&#8217;oublient aussit\u00f4t&#8230;\u00a0 elles resteront consign\u00e9es et on pourra s&#8217;y reporter r\u00e9guli\u00e8rement<\/span><\/span><\/p>\n<p>&#8211; <span style=\"color: maroon; font-family: 'Calibri', sans-serif;\"><strong>Organisation des WE, crops\u2026<\/strong><span style=\"color: #000000; font-family: 'Calibri', sans-serif;\"> (Marie-Yvette, Sophie, Solange, H\u00e9l\u00e8ne\u2026)<\/span><\/span><\/p>\n<p>&#8211; <span style=\"color: maroon; font-family: 'Calibri', sans-serif;\"><strong>Information et Communication<\/strong><span style=\"color: #000000; font-family: 'Calibri', sans-serif;\"> (Solange, Marie-Yvette, H\u00e9l\u00e8ne.\u2026)<\/span><\/span><\/p>\n<p>&#8211; <span style=\"color: maroon; font-family: 'Calibri', sans-serif;\"><strong>Blog<\/strong><span style=\"color: #000000; font-family: 'Calibri', sans-serif;\"> (H\u00e9l\u00e8ne et Sophie)<br \/>ouvert \u00e0 tous pour la partie publique et avec mot de passe pour la partie priv\u00e9e (Galerie photos, espace adh\u00e9rentes)<\/span><\/span><\/p>\n<p style=\"text-align: center;\">\u00a0<\/p>\n\n\n<p><\/p>\n","protected":false},"excerpt":{"rendered":"<p>Chaque groupe s&#8217;organise entre les membres actifs et le bureau&#8230;\u00a0 &#8211; Achats (papiers, tampons, perfos\u2026) (Bureau\u2026)avec un cahier pour r\u00e9cup\u00e9rer les demandes qui ont int\u00e9r\u00eat collectif.Solange cherchera les bonnes affaires et donnera ainsi les tendances et\u00a0 sugg\u00e9rera les listes d&#8217;achats en lien avec les ateliers lorsqu&#8217;il y aura\u00a0 des fournitures ou kits \u00e0 se procurer.&hellip; <a href=\"https:\/\/scrapbretagne.fr\/blog\/?page_id=253\" class=\"more-link\">Lire la suite <span class=\"screen-reader-text\">Groupes de travail<\/span><\/a><\/p>\n","protected":false},"author":3,"featured_media":0,"parent":101,"menu_order":2,"comment_status":"closed","ping_status":"closed","template":"","meta":{"footnotes":""},"class_list":["post-253","page","type-page","status-publish","hentry","without-featured-image"],"_links":{"self":[{"href":"https:\/\/scrapbretagne.fr\/blog\/index.php?rest_route=\/wp\/v2\/pages\/253","targetHints":{"allow":["GET"]}}],"collection":[{"href":"https:\/\/scrapbretagne.fr\/blog\/index.php?rest_route=\/wp\/v2\/pages"}],"about":[{"href":"https:\/\/scrapbretagne.fr\/blog\/index.php?rest_route=\/wp\/v2\/types\/page"}],"author":[{"embeddable":true,"href":"https:\/\/scrapbretagne.fr\/blog\/index.php?rest_route=\/wp\/v2\/users\/3"}],"replies":[{"embeddable":true,"href":"https:\/\/scrapbretagne.fr\/blog\/index.php?rest_route=%2Fwp%2Fv2%2Fcomments&post=253"}],"version-history":[{"count":21,"href":"https:\/\/scrapbretagne.fr\/blog\/index.php?rest_route=\/wp\/v2\/pages\/253\/revisions"}],"predecessor-version":[{"id":5444,"href":"https:\/\/scrapbretagne.fr\/blog\/index.php?rest_route=\/wp\/v2\/pages\/253\/revisions\/5444"}],"up":[{"embeddable":true,"href":"https:\/\/scrapbretagne.fr\/blog\/index.php?rest_route=\/wp\/v2\/pages\/101"}],"wp:attachment":[{"href":"https:\/\/scrapbretagne.fr\/blog\/index.php?rest_route=%2Fwp%2Fv2%2Fmedia&parent=253"}],"curies":[{"name":"wp","href":"https:\/\/api.w.org\/{rel}","templated":true}]}}