{"id":3661,"date":"2020-10-31T20:55:45","date_gmt":"2020-10-31T20:55:45","guid":{"rendered":"http:\/\/scrapbretagne.fr\/blog\/?page_id=3661"},"modified":"2025-10-02T10:45:54","modified_gmt":"2025-10-02T09:45:54","slug":"assemblee-generale-cr","status":"publish","type":"page","link":"https:\/\/scrapbretagne.fr\/blog\/?page_id=3661","title":{"rendered":"Assembl\u00e9e G\u00e9n\u00e9rale (CR)"},"content":{"rendered":"\n<p><a href=\"https:\/\/scrapbretagne.fr\/blog\/wp-content\/uploads\/2025\/10\/2025-10-14-Convocation-AG-2025.pdf\">Convocation \u00e0 l&#8217;Assembl\u00e9e G\u00e9n\u00e9rale 2025<\/a><\/p>\n\n\n\n<figure class=\"wp-block-image size-large\"><a href=\"https:\/\/scrapbretagne.fr\/blog\/wp-content\/uploads\/2025\/10\/2025-10-14-Convocation-AG-2025-scaled.jpg\"><img loading=\"lazy\" decoding=\"async\" width=\"734\" height=\"1024\" src=\"https:\/\/scrapbretagne.fr\/blog\/wp-content\/uploads\/2025\/10\/2025-10-14-Convocation-AG-2025-734x1024.jpg\" alt=\"\" class=\"wp-image-7203\" srcset=\"https:\/\/scrapbretagne.fr\/blog\/wp-content\/uploads\/2025\/10\/2025-10-14-Convocation-AG-2025-734x1024.jpg 734w, https:\/\/scrapbretagne.fr\/blog\/wp-content\/uploads\/2025\/10\/2025-10-14-Convocation-AG-2025-215x300.jpg 215w, https:\/\/scrapbretagne.fr\/blog\/wp-content\/uploads\/2025\/10\/2025-10-14-Convocation-AG-2025-768x1071.jpg 768w, https:\/\/scrapbretagne.fr\/blog\/wp-content\/uploads\/2025\/10\/2025-10-14-Convocation-AG-2025-1102x1536.jpg 1102w, https:\/\/scrapbretagne.fr\/blog\/wp-content\/uploads\/2025\/10\/2025-10-14-Convocation-AG-2025-scaled.jpg 1836w\" sizes=\"auto, (max-width: 734px) 100vw, 734px\" \/><\/a><\/figure>\n\n\n\n<div style=\"height:100px\" aria-hidden=\"true\" class=\"wp-block-spacer\"><\/div>\n\n\n\n<hr class=\"wp-block-separator has-alpha-channel-opacity\"\/>\n\n\n\n<div class=\"wp-block-group\"><div class=\"wp-block-group__inner-container is-layout-flow wp-block-group-is-layout-flow\">\n<p><strong>COMPTE-RENDU de l&#8217;AG du 15 Octobre 2024<\/strong> <strong><strong>:<\/strong>&nbsp;<\/strong><\/p>\n<\/div><\/div>\n\n\n\n<figure class=\"wp-block-image size-full\"><a href=\"https:\/\/scrapbretagne.fr\/blog\/wp-content\/uploads\/2024\/10\/2024-10-23-PV-AG-octobre-2024.pdf\"><img loading=\"lazy\" decoding=\"async\" width=\"545\" height=\"755\" src=\"https:\/\/scrapbretagne.fr\/blog\/wp-content\/uploads\/2024\/10\/2024-10-15-CR-Ass-Generale.jpg\" alt=\"\" class=\"wp-image-6827\" srcset=\"https:\/\/scrapbretagne.fr\/blog\/wp-content\/uploads\/2024\/10\/2024-10-15-CR-Ass-Generale.jpg 545w, https:\/\/scrapbretagne.fr\/blog\/wp-content\/uploads\/2024\/10\/2024-10-15-CR-Ass-Generale-217x300.jpg 217w\" sizes=\"auto, (max-width: 545px) 100vw, 545px\" \/><\/a><\/figure>\n\n\n\n<div class=\"wp-block-buttons is-layout-flex wp-block-buttons-is-layout-flex\">\n<div class=\"wp-block-button is-style-outline is-style-outline--1\"><a class=\"wp-block-button__link has-vivid-cyan-blue-background-color has-text-color has-background wp-element-button\" href=\"https:\/\/scrapbretagne.fr\/blog\/wp-content\/uploads\/2024\/10\/2024-10-23-PV-AG-octobre-2024.pdf\" style=\"color:#ffffff\"><strong><span class=\"has-inline-color has-very-light-gray-color\">Lire la suite\/Impression<\/span><\/strong><\/a><\/div>\n<\/div>\n\n\n\n<p class=\"has-text-align-right\"><a href=\"https:\/\/scrapbretagne.fr\/blog\/?page_id=5054\"><strong>ARCHIVES Compte-rendus<\/strong><\/a><\/p>\n\n\n\n<p><\/p>\n","protected":false},"excerpt":{"rendered":"<p>Convocation \u00e0 l&#8217;Assembl\u00e9e G\u00e9n\u00e9rale 2025 COMPTE-RENDU de l&#8217;AG du 15 Octobre 2024 :&nbsp; ARCHIVES Compte-rendus<\/p>\n","protected":false},"author":3,"featured_media":0,"parent":305,"menu_order":3,"comment_status":"closed","ping_status":"closed","template":"","meta":{"footnotes":""},"class_list":["post-3661","page","type-page","status-publish","hentry","without-featured-image"],"_links":{"self":[{"href":"https:\/\/scrapbretagne.fr\/blog\/index.php?rest_route=\/wp\/v2\/pages\/3661","targetHints":{"allow":["GET"]}}],"collection":[{"href":"https:\/\/scrapbretagne.fr\/blog\/index.php?rest_route=\/wp\/v2\/pages"}],"about":[{"href":"https:\/\/scrapbretagne.fr\/blog\/index.php?rest_route=\/wp\/v2\/types\/page"}],"author":[{"embeddable":true,"href":"https:\/\/scrapbretagne.fr\/blog\/index.php?rest_route=\/wp\/v2\/users\/3"}],"replies":[{"embeddable":true,"href":"https:\/\/scrapbretagne.fr\/blog\/index.php?rest_route=%2Fwp%2Fv2%2Fcomments&post=3661"}],"version-history":[{"count":38,"href":"https:\/\/scrapbretagne.fr\/blog\/index.php?rest_route=\/wp\/v2\/pages\/3661\/revisions"}],"predecessor-version":[{"id":7204,"href":"https:\/\/scrapbretagne.fr\/blog\/index.php?rest_route=\/wp\/v2\/pages\/3661\/revisions\/7204"}],"up":[{"embeddable":true,"href":"https:\/\/scrapbretagne.fr\/blog\/index.php?rest_route=\/wp\/v2\/pages\/305"}],"wp:attachment":[{"href":"https:\/\/scrapbretagne.fr\/blog\/index.php?rest_route=%2Fwp%2Fv2%2Fmedia&parent=3661"}],"curies":[{"name":"wp","href":"https:\/\/api.w.org\/{rel}","templated":true}]}}