{"id":4213,"date":"2021-07-27T16:40:37","date_gmt":"2021-07-27T16:40:37","guid":{"rendered":"https:\/\/scrapbretagne.fr\/blog\/?page_id=4213"},"modified":"2024-10-25T20:56:26","modified_gmt":"2024-10-25T19:56:26","slug":"aquarelle","status":"publish","type":"page","link":"https:\/\/scrapbretagne.fr\/blog\/?page_id=4213","title":{"rendered":"Aquarelle"},"content":{"rendered":"\n<h2 class=\"wp-block-heading\">Pour apprendre et comprendre ses peintures<\/h2>\n\n\n\n<p>par Cindy Barillet &#8211; Artiste peintre<\/p>\n\n\n\n<p class=\"has-medium-font-size\">Pour r\u00e9pondre aux questions de plusieurs d&#8217;entre vous, voici un article qui explique bien <a href=\"https:\/\/www.artiste-animalier.com\/aquarelle-comprendre-ses-peintures\/\">les diff\u00e9rentes peintures et les couleurs.<\/a><\/p>\n\n\n\n<figure class=\"wp-block-image size-large\"><a href=\"https:\/\/www.artiste-animalier.com\/aquarelle-comprendre-ses-peintures\/\"><img loading=\"lazy\" decoding=\"async\" width=\"1024\" height=\"546\" src=\"https:\/\/scrapbretagne.fr\/blog\/wp-content\/uploads\/2021\/07\/vignette-1-1024x546.jpg\" alt=\"\" class=\"wp-image-4194\" srcset=\"https:\/\/scrapbretagne.fr\/blog\/wp-content\/uploads\/2021\/07\/vignette-1-1024x546.jpg 1024w, https:\/\/scrapbretagne.fr\/blog\/wp-content\/uploads\/2021\/07\/vignette-1-300x160.jpg 300w, https:\/\/scrapbretagne.fr\/blog\/wp-content\/uploads\/2021\/07\/vignette-1-768x409.jpg 768w, https:\/\/scrapbretagne.fr\/blog\/wp-content\/uploads\/2021\/07\/vignette-1.jpg 1208w\" sizes=\"auto, (max-width: 1024px) 100vw, 1024px\" \/><\/a><\/figure>\n\n\n\n<p class=\"has-medium-font-size\">L&#8217;article est accompagn\u00e9 d&#8217;une vid\u00e9o tr\u00e8s claire. Vous pourrez \u00e9galement t\u00e9l\u00e9charger gratuitement <a href=\"https:\/\/www.artiste-animalier.com\/materiel-pour-laquarelle\/\">un guide du mat\u00e9riel.<\/a><\/p>\n\n\n\n<p class=\"has-medium-font-size\">L&#8217;article est suivi d&#8217;un r\u00e9sum\u00e9 de ce qu&#8217;il faut retenir.<\/p>\n\n\n\n<ul class=\"has-medium-font-size wp-block-list\"><li>La transparence de la couleur<\/li><li>Le num\u00e9ro de s\u00e9rie<\/li><li>Le num\u00e9ro de la couleur<\/li><li>Le code du pigment<\/li><li>Permanence et r\u00e9sistance \u00e0 la lumi\u00e8re<\/li><li>La Granulation<\/li><li>La t\u00e9nacit\u00e9<\/li><\/ul>\n\n\n\n<div style=\"height:26px\" aria-hidden=\"true\" class=\"wp-block-spacer\"><\/div>\n\n\n\n<p class=\"has-medium-font-size\">Pour compl\u00e9ter, Solange nous a d\u00e9nich\u00e9 deux nuanciers complets : <a href=\"https:\/\/scrapbretagne.fr\/blog\/wp-content\/uploads\/2021\/07\/nuancierAquarelle-Sennelier.pdf\">Sennelier<\/a> et <a href=\"https:\/\/scrapbretagne.fr\/blog\/wp-content\/uploads\/2021\/07\/nuancier-aquarelle-winsor.pdf\">Winsor<\/a><\/p>\n\n\n\n<div class=\"wp-block-columns is-layout-flex wp-container-core-columns-is-layout-9d6595d7 wp-block-columns-is-layout-flex\">\n<div class=\"wp-block-column is-layout-flow wp-block-column-is-layout-flow\" style=\"flex-basis:100%\">\n<div class=\"wp-block-columns is-layout-flex wp-container-core-columns-is-layout-9d6595d7 wp-block-columns-is-layout-flex\">\n<div class=\"wp-block-column is-layout-flow wp-block-column-is-layout-flow\">\n<figure class=\"wp-block-image size-large\"><a href=\"https:\/\/scrapbretagne.fr\/blog\/wp-content\/uploads\/2021\/07\/nuancierAquarelle-Sennelier.pdf\"><img loading=\"lazy\" decoding=\"async\" width=\"457\" height=\"318\" src=\"https:\/\/scrapbretagne.fr\/blog\/wp-content\/uploads\/2021\/07\/2021-07-27_Sennelier.jpg\" alt=\"\" class=\"wp-image-4203\" srcset=\"https:\/\/scrapbretagne.fr\/blog\/wp-content\/uploads\/2021\/07\/2021-07-27_Sennelier.jpg 457w, https:\/\/scrapbretagne.fr\/blog\/wp-content\/uploads\/2021\/07\/2021-07-27_Sennelier-300x209.jpg 300w\" sizes=\"auto, (max-width: 457px) 100vw, 457px\" \/><\/a><\/figure>\n<\/div>\n\n\n\n<div class=\"wp-block-column is-layout-flow wp-block-column-is-layout-flow\">\n<figure class=\"wp-block-image size-large\"><a href=\"https:\/\/scrapbretagne.fr\/blog\/wp-content\/uploads\/2021\/07\/nuancier-aquarelle-winsor.pdf\"><img loading=\"lazy\" decoding=\"async\" width=\"245\" height=\"342\" src=\"https:\/\/scrapbretagne.fr\/blog\/wp-content\/uploads\/2021\/07\/2021-07-27_winsor.jpg\" alt=\"\" class=\"wp-image-4204\" srcset=\"https:\/\/scrapbretagne.fr\/blog\/wp-content\/uploads\/2021\/07\/2021-07-27_winsor.jpg 245w, https:\/\/scrapbretagne.fr\/blog\/wp-content\/uploads\/2021\/07\/2021-07-27_winsor-215x300.jpg 215w\" sizes=\"auto, (max-width: 245px) 100vw, 245px\" \/><\/a><\/figure>\n<\/div>\n<\/div>\n<\/div>\n<\/div>\n","protected":false},"excerpt":{"rendered":"<p>Pour apprendre et comprendre ses peintures par Cindy Barillet &#8211; Artiste peintre Pour r\u00e9pondre aux questions de plusieurs d&#8217;entre vous, voici un article qui explique bien les diff\u00e9rentes peintures et les couleurs. L&#8217;article est accompagn\u00e9 d&#8217;une vid\u00e9o tr\u00e8s claire. Vous pourrez \u00e9galement t\u00e9l\u00e9charger gratuitement un guide du mat\u00e9riel. L&#8217;article est suivi d&#8217;un r\u00e9sum\u00e9 de ce&hellip; <a href=\"https:\/\/scrapbretagne.fr\/blog\/?page_id=4213\" class=\"more-link\">Lire la suite <span class=\"screen-reader-text\">Aquarelle<\/span><\/a><\/p>\n","protected":false},"author":3,"featured_media":0,"parent":3187,"menu_order":1,"comment_status":"closed","ping_status":"closed","template":"","meta":{"footnotes":""},"class_list":["post-4213","page","type-page","status-publish","hentry","without-featured-image"],"_links":{"self":[{"href":"https:\/\/scrapbretagne.fr\/blog\/index.php?rest_route=\/wp\/v2\/pages\/4213","targetHints":{"allow":["GET"]}}],"collection":[{"href":"https:\/\/scrapbretagne.fr\/blog\/index.php?rest_route=\/wp\/v2\/pages"}],"about":[{"href":"https:\/\/scrapbretagne.fr\/blog\/index.php?rest_route=\/wp\/v2\/types\/page"}],"author":[{"embeddable":true,"href":"https:\/\/scrapbretagne.fr\/blog\/index.php?rest_route=\/wp\/v2\/users\/3"}],"replies":[{"embeddable":true,"href":"https:\/\/scrapbretagne.fr\/blog\/index.php?rest_route=%2Fwp%2Fv2%2Fcomments&post=4213"}],"version-history":[{"count":2,"href":"https:\/\/scrapbretagne.fr\/blog\/index.php?rest_route=\/wp\/v2\/pages\/4213\/revisions"}],"predecessor-version":[{"id":4215,"href":"https:\/\/scrapbretagne.fr\/blog\/index.php?rest_route=\/wp\/v2\/pages\/4213\/revisions\/4215"}],"up":[{"embeddable":true,"href":"https:\/\/scrapbretagne.fr\/blog\/index.php?rest_route=\/wp\/v2\/pages\/3187"}],"wp:attachment":[{"href":"https:\/\/scrapbretagne.fr\/blog\/index.php?rest_route=%2Fwp%2Fv2%2Fmedia&parent=4213"}],"curies":[{"name":"wp","href":"https:\/\/api.w.org\/{rel}","templated":true}]}}