{"id":5592,"date":"2023-09-29T14:53:39","date_gmt":"2023-09-29T13:53:39","guid":{"rendered":"https:\/\/scrapbretagne.fr\/blog\/?page_id=5592"},"modified":"2023-12-14T18:23:08","modified_gmt":"2023-12-14T17:23:08","slug":"plaques-a-embosser","status":"publish","type":"page","link":"https:\/\/scrapbretagne.fr\/blog\/?page_id=5592","title":{"rendered":"Plaques \u00e0 embosser"},"content":{"rendered":"\n<h3 class=\"wp-block-heading has-text-align-center\">Etag\u00e8re Jaune &#8211; Tiroir Jaune -17-<\/h3>\n\n\n\n<figure class=\"wp-block-image size-full is-resized\"><a href=\"https:\/\/scrapbretagne.fr\/blog\/wp-content\/uploads\/2023\/09\/Plaque-a-embosser-Tiroir-Jaune-17-10-1-rotated.jpg\"><img loading=\"lazy\" decoding=\"async\" width=\"427\" height=\"640\" src=\"https:\/\/scrapbretagne.fr\/blog\/wp-content\/uploads\/2023\/09\/Plaque-a-embosser-Tiroir-Jaune-17-10-1-rotated.jpg\" alt=\"\" class=\"wp-image-5594\" style=\"width:252px;height:252px\" srcset=\"https:\/\/scrapbretagne.fr\/blog\/wp-content\/uploads\/2023\/09\/Plaque-a-embosser-Tiroir-Jaune-17-10-1-rotated.jpg 427w, https:\/\/scrapbretagne.fr\/blog\/wp-content\/uploads\/2023\/09\/Plaque-a-embosser-Tiroir-Jaune-17-10-1-200x300.jpg 200w\" sizes=\"auto, (max-width: 427px) 100vw, 427px\" \/><\/a><\/figure>\n\n\n\n<h3 class=\"wp-block-heading has-text-align-center\">Etag\u00e8re Rouge &#8211; Bo\u00eete transparente -1-<\/h3>\n\n\n\n<figure class=\"wp-block-gallery has-nested-images columns-default is-cropped wp-block-gallery-1 is-layout-flex wp-block-gallery-is-layout-flex\">\n<figure class=\"wp-block-image size-large\"><a href=\"https:\/\/scrapbretagne.fr\/blog\/wp-content\/uploads\/2023\/12\/PB141078.jpg\"><img loading=\"lazy\" decoding=\"async\" width=\"601\" height=\"237\" data-id=\"6531\" src=\"https:\/\/scrapbretagne.fr\/blog\/wp-content\/uploads\/2023\/12\/PB141078.jpg\" alt=\"\" class=\"wp-image-6531\" srcset=\"https:\/\/scrapbretagne.fr\/blog\/wp-content\/uploads\/2023\/12\/PB141078.jpg 601w, https:\/\/scrapbretagne.fr\/blog\/wp-content\/uploads\/2023\/12\/PB141078-300x118.jpg 300w\" sizes=\"auto, (max-width: 601px) 100vw, 601px\" \/><\/a><\/figure>\n\n\n\n<figure class=\"wp-block-image size-large\"><a href=\"https:\/\/scrapbretagne.fr\/blog\/wp-content\/uploads\/2023\/12\/PB141075.jpg\"><img loading=\"lazy\" decoding=\"async\" width=\"605\" height=\"383\" data-id=\"6530\" src=\"https:\/\/scrapbretagne.fr\/blog\/wp-content\/uploads\/2023\/12\/PB141075.jpg\" alt=\"\" class=\"wp-image-6530\" srcset=\"https:\/\/scrapbretagne.fr\/blog\/wp-content\/uploads\/2023\/12\/PB141075.jpg 605w, https:\/\/scrapbretagne.fr\/blog\/wp-content\/uploads\/2023\/12\/PB141075-300x190.jpg 300w\" sizes=\"auto, (max-width: 605px) 100vw, 605px\" \/><\/a><\/figure>\n\n\n\n<figure class=\"wp-block-image size-large\"><a href=\"https:\/\/scrapbretagne.fr\/blog\/wp-content\/uploads\/2023\/12\/PB141074.jpg\"><img loading=\"lazy\" decoding=\"async\" width=\"571\" height=\"366\" data-id=\"6529\" src=\"https:\/\/scrapbretagne.fr\/blog\/wp-content\/uploads\/2023\/12\/PB141074.jpg\" alt=\"\" class=\"wp-image-6529\" srcset=\"https:\/\/scrapbretagne.fr\/blog\/wp-content\/uploads\/2023\/12\/PB141074.jpg 571w, https:\/\/scrapbretagne.fr\/blog\/wp-content\/uploads\/2023\/12\/PB141074-300x192.jpg 300w\" sizes=\"auto, (max-width: 571px) 100vw, 571px\" \/><\/a><\/figure>\n\n\n\n<figure class=\"wp-block-image size-large\"><a href=\"https:\/\/scrapbretagne.fr\/blog\/wp-content\/uploads\/2023\/12\/PB141073-1.jpg\"><img loading=\"lazy\" decoding=\"async\" width=\"584\" height=\"373\" data-id=\"6528\" src=\"https:\/\/scrapbretagne.fr\/blog\/wp-content\/uploads\/2023\/12\/PB141073-1.jpg\" alt=\"\" class=\"wp-image-6528\" srcset=\"https:\/\/scrapbretagne.fr\/blog\/wp-content\/uploads\/2023\/12\/PB141073-1.jpg 584w, https:\/\/scrapbretagne.fr\/blog\/wp-content\/uploads\/2023\/12\/PB141073-1-300x192.jpg 300w\" sizes=\"auto, (max-width: 584px) 100vw, 584px\" \/><\/a><\/figure>\n\n\n\n<figure class=\"wp-block-image size-large\"><a href=\"https:\/\/scrapbretagne.fr\/blog\/wp-content\/uploads\/2023\/12\/PB131056.jpg\"><img loading=\"lazy\" decoding=\"async\" width=\"583\" height=\"409\" data-id=\"6527\" src=\"https:\/\/scrapbretagne.fr\/blog\/wp-content\/uploads\/2023\/12\/PB131056.jpg\" alt=\"\" class=\"wp-image-6527\" srcset=\"https:\/\/scrapbretagne.fr\/blog\/wp-content\/uploads\/2023\/12\/PB131056.jpg 583w, https:\/\/scrapbretagne.fr\/blog\/wp-content\/uploads\/2023\/12\/PB131056-300x210.jpg 300w\" sizes=\"auto, (max-width: 583px) 100vw, 583px\" \/><\/a><\/figure>\n\n\n\n<figure class=\"wp-block-image size-large\"><a href=\"https:\/\/scrapbretagne.fr\/blog\/wp-content\/uploads\/2023\/12\/PB131055.jpg\"><img loading=\"lazy\" decoding=\"async\" width=\"557\" height=\"394\" data-id=\"6526\" src=\"https:\/\/scrapbretagne.fr\/blog\/wp-content\/uploads\/2023\/12\/PB131055.jpg\" alt=\"\" class=\"wp-image-6526\" srcset=\"https:\/\/scrapbretagne.fr\/blog\/wp-content\/uploads\/2023\/12\/PB131055.jpg 557w, https:\/\/scrapbretagne.fr\/blog\/wp-content\/uploads\/2023\/12\/PB131055-300x212.jpg 300w\" sizes=\"auto, (max-width: 557px) 100vw, 557px\" \/><\/a><\/figure>\n\n\n\n<figure class=\"wp-block-image size-large\"><a href=\"https:\/\/scrapbretagne.fr\/blog\/wp-content\/uploads\/2023\/12\/PB131054.jpg\"><img loading=\"lazy\" decoding=\"async\" width=\"589\" height=\"399\" data-id=\"6525\" src=\"https:\/\/scrapbretagne.fr\/blog\/wp-content\/uploads\/2023\/12\/PB131054.jpg\" alt=\"\" class=\"wp-image-6525\" srcset=\"https:\/\/scrapbretagne.fr\/blog\/wp-content\/uploads\/2023\/12\/PB131054.jpg 589w, https:\/\/scrapbretagne.fr\/blog\/wp-content\/uploads\/2023\/12\/PB131054-300x203.jpg 300w\" sizes=\"auto, (max-width: 589px) 100vw, 589px\" \/><\/a><\/figure>\n\n\n\n<figure class=\"wp-block-image size-large\"><a href=\"https:\/\/scrapbretagne.fr\/blog\/wp-content\/uploads\/2023\/12\/PB131053.jpg\"><img loading=\"lazy\" decoding=\"async\" width=\"559\" height=\"393\" data-id=\"6524\" src=\"https:\/\/scrapbretagne.fr\/blog\/wp-content\/uploads\/2023\/12\/PB131053.jpg\" alt=\"\" class=\"wp-image-6524\" srcset=\"https:\/\/scrapbretagne.fr\/blog\/wp-content\/uploads\/2023\/12\/PB131053.jpg 559w, https:\/\/scrapbretagne.fr\/blog\/wp-content\/uploads\/2023\/12\/PB131053-300x211.jpg 300w\" sizes=\"auto, (max-width: 559px) 100vw, 559px\" \/><\/a><\/figure>\n\n\n\n<figure class=\"wp-block-image size-large\"><a href=\"https:\/\/scrapbretagne.fr\/blog\/wp-content\/uploads\/2023\/12\/PB131052.jpg\"><img loading=\"lazy\" decoding=\"async\" width=\"583\" height=\"402\" data-id=\"6523\" src=\"https:\/\/scrapbretagne.fr\/blog\/wp-content\/uploads\/2023\/12\/PB131052.jpg\" alt=\"\" class=\"wp-image-6523\" srcset=\"https:\/\/scrapbretagne.fr\/blog\/wp-content\/uploads\/2023\/12\/PB131052.jpg 583w, https:\/\/scrapbretagne.fr\/blog\/wp-content\/uploads\/2023\/12\/PB131052-300x207.jpg 300w\" sizes=\"auto, (max-width: 583px) 100vw, 583px\" \/><\/a><\/figure>\n\n\n\n<figure class=\"wp-block-image size-large\"><a href=\"https:\/\/scrapbretagne.fr\/blog\/wp-content\/uploads\/2023\/12\/PB131051-1.jpg\"><img loading=\"lazy\" decoding=\"async\" width=\"596\" height=\"412\" data-id=\"6522\" src=\"https:\/\/scrapbretagne.fr\/blog\/wp-content\/uploads\/2023\/12\/PB131051-1.jpg\" alt=\"\" class=\"wp-image-6522\" srcset=\"https:\/\/scrapbretagne.fr\/blog\/wp-content\/uploads\/2023\/12\/PB131051-1.jpg 596w, https:\/\/scrapbretagne.fr\/blog\/wp-content\/uploads\/2023\/12\/PB131051-1-300x207.jpg 300w\" sizes=\"auto, (max-width: 596px) 100vw, 596px\" \/><\/a><\/figure>\n\n\n\n<figure class=\"wp-block-image size-large\"><a href=\"https:\/\/scrapbretagne.fr\/blog\/wp-content\/uploads\/2023\/12\/PB131050.jpg\"><img loading=\"lazy\" decoding=\"async\" width=\"526\" height=\"369\" data-id=\"6521\" src=\"https:\/\/scrapbretagne.fr\/blog\/wp-content\/uploads\/2023\/12\/PB131050.jpg\" alt=\"\" class=\"wp-image-6521\" srcset=\"https:\/\/scrapbretagne.fr\/blog\/wp-content\/uploads\/2023\/12\/PB131050.jpg 526w, https:\/\/scrapbretagne.fr\/blog\/wp-content\/uploads\/2023\/12\/PB131050-300x210.jpg 300w\" sizes=\"auto, (max-width: 526px) 100vw, 526px\" \/><\/a><\/figure>\n\n\n\n<figure class=\"wp-block-image size-large\"><a href=\"https:\/\/scrapbretagne.fr\/blog\/wp-content\/uploads\/2023\/12\/PB131049.jpg\"><img loading=\"lazy\" decoding=\"async\" width=\"529\" height=\"361\" data-id=\"6520\" src=\"https:\/\/scrapbretagne.fr\/blog\/wp-content\/uploads\/2023\/12\/PB131049.jpg\" alt=\"\" class=\"wp-image-6520\" srcset=\"https:\/\/scrapbretagne.fr\/blog\/wp-content\/uploads\/2023\/12\/PB131049.jpg 529w, https:\/\/scrapbretagne.fr\/blog\/wp-content\/uploads\/2023\/12\/PB131049-300x205.jpg 300w\" sizes=\"auto, (max-width: 529px) 100vw, 529px\" \/><\/a><\/figure>\n\n\n\n<figure class=\"wp-block-image size-large\"><a href=\"https:\/\/scrapbretagne.fr\/blog\/wp-content\/uploads\/2023\/12\/PB131048.jpg\"><img loading=\"lazy\" decoding=\"async\" width=\"539\" height=\"365\" data-id=\"6519\" src=\"https:\/\/scrapbretagne.fr\/blog\/wp-content\/uploads\/2023\/12\/PB131048.jpg\" alt=\"\" class=\"wp-image-6519\" srcset=\"https:\/\/scrapbretagne.fr\/blog\/wp-content\/uploads\/2023\/12\/PB131048.jpg 539w, https:\/\/scrapbretagne.fr\/blog\/wp-content\/uploads\/2023\/12\/PB131048-300x203.jpg 300w\" sizes=\"auto, (max-width: 539px) 100vw, 539px\" \/><\/a><\/figure>\n\n\n\n<figure class=\"wp-block-image size-large\"><a href=\"https:\/\/scrapbretagne.fr\/blog\/wp-content\/uploads\/2023\/12\/PB131047.jpg\"><img loading=\"lazy\" decoding=\"async\" width=\"538\" height=\"366\" data-id=\"6518\" src=\"https:\/\/scrapbretagne.fr\/blog\/wp-content\/uploads\/2023\/12\/PB131047.jpg\" alt=\"\" class=\"wp-image-6518\" srcset=\"https:\/\/scrapbretagne.fr\/blog\/wp-content\/uploads\/2023\/12\/PB131047.jpg 538w, https:\/\/scrapbretagne.fr\/blog\/wp-content\/uploads\/2023\/12\/PB131047-300x204.jpg 300w\" sizes=\"auto, (max-width: 538px) 100vw, 538px\" \/><\/a><\/figure>\n\n\n\n<figure class=\"wp-block-image size-large\"><a href=\"https:\/\/scrapbretagne.fr\/blog\/wp-content\/uploads\/2023\/12\/PB131046.jpg\"><img loading=\"lazy\" decoding=\"async\" width=\"538\" height=\"370\" data-id=\"6517\" src=\"https:\/\/scrapbretagne.fr\/blog\/wp-content\/uploads\/2023\/12\/PB131046.jpg\" alt=\"\" class=\"wp-image-6517\" srcset=\"https:\/\/scrapbretagne.fr\/blog\/wp-content\/uploads\/2023\/12\/PB131046.jpg 538w, https:\/\/scrapbretagne.fr\/blog\/wp-content\/uploads\/2023\/12\/PB131046-300x206.jpg 300w\" sizes=\"auto, (max-width: 538px) 100vw, 538px\" \/><\/a><\/figure>\n\n\n\n<figure class=\"wp-block-image size-large\"><a href=\"https:\/\/scrapbretagne.fr\/blog\/wp-content\/uploads\/2023\/12\/PB131045.jpg\"><img loading=\"lazy\" decoding=\"async\" width=\"537\" height=\"380\" data-id=\"6516\" src=\"https:\/\/scrapbretagne.fr\/blog\/wp-content\/uploads\/2023\/12\/PB131045.jpg\" alt=\"\" class=\"wp-image-6516\" srcset=\"https:\/\/scrapbretagne.fr\/blog\/wp-content\/uploads\/2023\/12\/PB131045.jpg 537w, https:\/\/scrapbretagne.fr\/blog\/wp-content\/uploads\/2023\/12\/PB131045-300x212.jpg 300w\" sizes=\"auto, (max-width: 537px) 100vw, 537px\" \/><\/a><\/figure>\n\n\n\n<figure class=\"wp-block-image size-large\"><a href=\"https:\/\/scrapbretagne.fr\/blog\/wp-content\/uploads\/2023\/12\/AZ.jpg\"><img loading=\"lazy\" decoding=\"async\" width=\"640\" height=\"427\" data-id=\"6497\" src=\"https:\/\/scrapbretagne.fr\/blog\/wp-content\/uploads\/2023\/12\/AZ.jpg\" alt=\"\" class=\"wp-image-6497\" srcset=\"https:\/\/scrapbretagne.fr\/blog\/wp-content\/uploads\/2023\/12\/AZ.jpg 640w, https:\/\/scrapbretagne.fr\/blog\/wp-content\/uploads\/2023\/12\/AZ-300x200.jpg 300w\" sizes=\"auto, (max-width: 640px) 100vw, 640px\" \/><\/a><\/figure>\n\n\n\n<figure class=\"wp-block-image size-large\"><a href=\"https:\/\/scrapbretagne.fr\/blog\/wp-content\/uploads\/2023\/12\/Blanc-1.jpg\"><img loading=\"lazy\" decoding=\"async\" width=\"640\" height=\"427\" data-id=\"6498\" src=\"https:\/\/scrapbretagne.fr\/blog\/wp-content\/uploads\/2023\/12\/Blanc-1.jpg\" alt=\"\" class=\"wp-image-6498\" srcset=\"https:\/\/scrapbretagne.fr\/blog\/wp-content\/uploads\/2023\/12\/Blanc-1.jpg 640w, https:\/\/scrapbretagne.fr\/blog\/wp-content\/uploads\/2023\/12\/Blanc-1-300x200.jpg 300w\" sizes=\"auto, (max-width: 640px) 100vw, 640px\" \/><\/a><\/figure>\n<\/figure>\n\n\n\n<hr class=\"wp-block-separator has-alpha-channel-opacity\"\/>\n\n\n\n<h3 class=\"wp-block-heading has-text-align-center\">Etag\u00e8re rouge <\/h3>\n\n\n\n<h4 class=\"wp-block-heading\">Plaques pour Shape Boss<\/h4>\n\n\n\n<figure class=\"wp-block-gallery has-nested-images columns-default is-cropped wp-block-gallery-2 is-layout-flex wp-block-gallery-is-layout-flex\">\n<figure class=\"wp-block-image size-large\"><a href=\"https:\/\/scrapbretagne.fr\/blog\/wp-content\/uploads\/2023\/12\/PC071256-1.jpg\"><img loading=\"lazy\" decoding=\"async\" width=\"475\" height=\"480\" data-id=\"6546\" src=\"https:\/\/scrapbretagne.fr\/blog\/wp-content\/uploads\/2023\/12\/PC071256-1.jpg\" alt=\"\" class=\"wp-image-6546\" srcset=\"https:\/\/scrapbretagne.fr\/blog\/wp-content\/uploads\/2023\/12\/PC071256-1.jpg 475w, https:\/\/scrapbretagne.fr\/blog\/wp-content\/uploads\/2023\/12\/PC071256-1-297x300.jpg 297w\" sizes=\"auto, (max-width: 475px) 100vw, 475px\" \/><\/a><\/figure>\n\n\n\n<figure class=\"wp-block-image size-large\"><a href=\"https:\/\/scrapbretagne.fr\/blog\/wp-content\/uploads\/2023\/12\/PC071257-1.jpg\"><img loading=\"lazy\" decoding=\"async\" width=\"470\" height=\"480\" data-id=\"6544\" src=\"https:\/\/scrapbretagne.fr\/blog\/wp-content\/uploads\/2023\/12\/PC071257-1.jpg\" alt=\"\" class=\"wp-image-6544\" srcset=\"https:\/\/scrapbretagne.fr\/blog\/wp-content\/uploads\/2023\/12\/PC071257-1.jpg 470w, https:\/\/scrapbretagne.fr\/blog\/wp-content\/uploads\/2023\/12\/PC071257-1-294x300.jpg 294w\" sizes=\"auto, (max-width: 470px) 100vw, 470px\" \/><\/a><\/figure>\n\n\n\n<figure class=\"wp-block-image size-large\"><a href=\"https:\/\/scrapbretagne.fr\/blog\/wp-content\/uploads\/2023\/12\/PC071258-1.jpg\"><img loading=\"lazy\" decoding=\"async\" width=\"604\" height=\"480\" data-id=\"6548\" src=\"https:\/\/scrapbretagne.fr\/blog\/wp-content\/uploads\/2023\/12\/PC071258-1.jpg\" alt=\"\" class=\"wp-image-6548\" srcset=\"https:\/\/scrapbretagne.fr\/blog\/wp-content\/uploads\/2023\/12\/PC071258-1.jpg 604w, https:\/\/scrapbretagne.fr\/blog\/wp-content\/uploads\/2023\/12\/PC071258-1-300x238.jpg 300w\" sizes=\"auto, (max-width: 604px) 100vw, 604px\" \/><\/a><\/figure>\n\n\n\n<figure class=\"wp-block-image size-large\"><a href=\"https:\/\/scrapbretagne.fr\/blog\/wp-content\/uploads\/2023\/12\/PC071259-1.jpg\"><img loading=\"lazy\" decoding=\"async\" width=\"598\" height=\"480\" data-id=\"6547\" src=\"https:\/\/scrapbretagne.fr\/blog\/wp-content\/uploads\/2023\/12\/PC071259-1.jpg\" alt=\"\" class=\"wp-image-6547\" srcset=\"https:\/\/scrapbretagne.fr\/blog\/wp-content\/uploads\/2023\/12\/PC071259-1.jpg 598w, https:\/\/scrapbretagne.fr\/blog\/wp-content\/uploads\/2023\/12\/PC071259-1-300x241.jpg 300w\" sizes=\"auto, (max-width: 598px) 100vw, 598px\" \/><\/a><\/figure>\n\n\n\n<figure class=\"wp-block-image size-large\"><a href=\"https:\/\/scrapbretagne.fr\/blog\/wp-content\/uploads\/2023\/12\/PC071260-1.jpg\"><img loading=\"lazy\" decoding=\"async\" width=\"602\" height=\"480\" data-id=\"6545\" src=\"https:\/\/scrapbretagne.fr\/blog\/wp-content\/uploads\/2023\/12\/PC071260-1.jpg\" alt=\"\" class=\"wp-image-6545\" srcset=\"https:\/\/scrapbretagne.fr\/blog\/wp-content\/uploads\/2023\/12\/PC071260-1.jpg 602w, https:\/\/scrapbretagne.fr\/blog\/wp-content\/uploads\/2023\/12\/PC071260-1-300x239.jpg 300w\" sizes=\"auto, (max-width: 602px) 100vw, 602px\" \/><\/a><\/figure>\n\n\n\n<figure class=\"wp-block-image size-large\"><a href=\"https:\/\/scrapbretagne.fr\/blog\/wp-content\/uploads\/2023\/12\/PC071261-1.jpg\"><img loading=\"lazy\" decoding=\"async\" width=\"585\" height=\"480\" data-id=\"6543\" src=\"https:\/\/scrapbretagne.fr\/blog\/wp-content\/uploads\/2023\/12\/PC071261-1.jpg\" alt=\"\" class=\"wp-image-6543\" srcset=\"https:\/\/scrapbretagne.fr\/blog\/wp-content\/uploads\/2023\/12\/PC071261-1.jpg 585w, https:\/\/scrapbretagne.fr\/blog\/wp-content\/uploads\/2023\/12\/PC071261-1-300x246.jpg 300w\" sizes=\"auto, (max-width: 585px) 100vw, 585px\" \/><\/a><\/figure>\n\n\n\n<figure class=\"wp-block-image size-large\"><a href=\"https:\/\/scrapbretagne.fr\/blog\/wp-content\/uploads\/2023\/12\/IMG_20231212_192430-scaled.jpg\"><img loading=\"lazy\" decoding=\"async\" width=\"1024\" height=\"766\" data-id=\"6551\" src=\"https:\/\/scrapbretagne.fr\/blog\/wp-content\/uploads\/2023\/12\/IMG_20231212_192430-1024x766.jpg\" alt=\"\" class=\"wp-image-6551\" srcset=\"https:\/\/scrapbretagne.fr\/blog\/wp-content\/uploads\/2023\/12\/IMG_20231212_192430-1024x766.jpg 1024w, https:\/\/scrapbretagne.fr\/blog\/wp-content\/uploads\/2023\/12\/IMG_20231212_192430-300x224.jpg 300w, https:\/\/scrapbretagne.fr\/blog\/wp-content\/uploads\/2023\/12\/IMG_20231212_192430-768x574.jpg 768w, https:\/\/scrapbretagne.fr\/blog\/wp-content\/uploads\/2023\/12\/IMG_20231212_192430-1536x1149.jpg 1536w, https:\/\/scrapbretagne.fr\/blog\/wp-content\/uploads\/2023\/12\/IMG_20231212_192430-2048x1532.jpg 2048w\" sizes=\"auto, (max-width: 1024px) 100vw, 1024px\" \/><\/a><\/figure>\n\n\n\n<figure class=\"wp-block-image size-large\"><a href=\"https:\/\/scrapbretagne.fr\/blog\/wp-content\/uploads\/2023\/12\/IMG_20231212_192503-scaled.jpg\"><img loading=\"lazy\" decoding=\"async\" width=\"1024\" height=\"766\" data-id=\"6552\" src=\"https:\/\/scrapbretagne.fr\/blog\/wp-content\/uploads\/2023\/12\/IMG_20231212_192503-1024x766.jpg\" alt=\"\" class=\"wp-image-6552\" srcset=\"https:\/\/scrapbretagne.fr\/blog\/wp-content\/uploads\/2023\/12\/IMG_20231212_192503-1024x766.jpg 1024w, https:\/\/scrapbretagne.fr\/blog\/wp-content\/uploads\/2023\/12\/IMG_20231212_192503-300x224.jpg 300w, https:\/\/scrapbretagne.fr\/blog\/wp-content\/uploads\/2023\/12\/IMG_20231212_192503-768x574.jpg 768w, https:\/\/scrapbretagne.fr\/blog\/wp-content\/uploads\/2023\/12\/IMG_20231212_192503-1536x1149.jpg 1536w, https:\/\/scrapbretagne.fr\/blog\/wp-content\/uploads\/2023\/12\/IMG_20231212_192503-2048x1532.jpg 2048w, https:\/\/scrapbretagne.fr\/blog\/wp-content\/uploads\/2023\/12\/IMG_20231212_192503-1320x987.jpg 1320w\" sizes=\"auto, (max-width: 1024px) 100vw, 1024px\" \/><\/a><\/figure>\n\n\n\n<figure class=\"wp-block-image size-large\"><a href=\"https:\/\/scrapbretagne.fr\/blog\/wp-content\/uploads\/2023\/12\/Blanc-2.jpg\"><img loading=\"lazy\" decoding=\"async\" width=\"640\" height=\"427\" data-id=\"6550\" src=\"https:\/\/scrapbretagne.fr\/blog\/wp-content\/uploads\/2023\/12\/Blanc-2.jpg\" alt=\"\" class=\"wp-image-6550\" srcset=\"https:\/\/scrapbretagne.fr\/blog\/wp-content\/uploads\/2023\/12\/Blanc-2.jpg 640w, https:\/\/scrapbretagne.fr\/blog\/wp-content\/uploads\/2023\/12\/Blanc-2-300x200.jpg 300w\" sizes=\"auto, (max-width: 640px) 100vw, 640px\" \/><\/a><\/figure>\n<\/figure>\n","protected":false},"excerpt":{"rendered":"<p>Etag\u00e8re Jaune &#8211; Tiroir Jaune -17- Etag\u00e8re Rouge &#8211; Bo\u00eete transparente -1- Etag\u00e8re rouge Plaques pour Shape Boss<\/p>\n","protected":false},"author":3,"featured_media":0,"parent":108,"menu_order":13,"comment_status":"closed","ping_status":"closed","template":"","meta":{"footnotes":""},"class_list":["post-5592","page","type-page","status-publish","hentry","without-featured-image"],"_links":{"self":[{"href":"https:\/\/scrapbretagne.fr\/blog\/index.php?rest_route=\/wp\/v2\/pages\/5592","targetHints":{"allow":["GET"]}}],"collection":[{"href":"https:\/\/scrapbretagne.fr\/blog\/index.php?rest_route=\/wp\/v2\/pages"}],"about":[{"href":"https:\/\/scrapbretagne.fr\/blog\/index.php?rest_route=\/wp\/v2\/types\/page"}],"author":[{"embeddable":true,"href":"https:\/\/scrapbretagne.fr\/blog\/index.php?rest_route=\/wp\/v2\/users\/3"}],"replies":[{"embeddable":true,"href":"https:\/\/scrapbretagne.fr\/blog\/index.php?rest_route=%2Fwp%2Fv2%2Fcomments&post=5592"}],"version-history":[{"count":5,"href":"https:\/\/scrapbretagne.fr\/blog\/index.php?rest_route=\/wp\/v2\/pages\/5592\/revisions"}],"predecessor-version":[{"id":6553,"href":"https:\/\/scrapbretagne.fr\/blog\/index.php?rest_route=\/wp\/v2\/pages\/5592\/revisions\/6553"}],"up":[{"embeddable":true,"href":"https:\/\/scrapbretagne.fr\/blog\/index.php?rest_route=\/wp\/v2\/pages\/108"}],"wp:attachment":[{"href":"https:\/\/scrapbretagne.fr\/blog\/index.php?rest_route=%2Fwp%2Fv2%2Fmedia&parent=5592"}],"curies":[{"name":"wp","href":"https:\/\/api.w.org\/{rel}","templated":true}]}}