{"id":6899,"date":"2024-12-03T15:22:44","date_gmt":"2024-12-03T14:22:44","guid":{"rendered":"https:\/\/scrapbretagne.fr\/blog\/?page_id=6899"},"modified":"2024-12-03T16:22:30","modified_gmt":"2024-12-03T15:22:30","slug":"poudres","status":"publish","type":"page","link":"https:\/\/scrapbretagne.fr\/blog\/?page_id=6899","title":{"rendered":"Poudres"},"content":{"rendered":"\n<p><strong><u>Pigments en poudres pour scrapbooking et mixed media<\/u><\/strong> <\/p>\n\n\n\n<p>L&#8217;utilisation de pigments en poudre remonte aux peintures rupestres, comme la grotte de Lascaux, \u00e0 l&#8217;ocre, \u00e0 la craie et au charbon. Puis, au fil du temps, diff\u00e9rentes cultures ont introduit des min\u00e9raux broy\u00e9s et des couleurs v\u00e9g\u00e9tales et animaux. La plupart sont d\u00e9sormais produites de mani\u00e8re synth\u00e9tique.<\/p>\n\n\n\n<p>Sur le march\u00e9 du scrapbooking et du mixed media :<\/p>\n\n\n\n<div class=\"wp-block-media-text is-stacked-on-mobile\"><figure class=\"wp-block-media-text__media\"><img loading=\"lazy\" decoding=\"async\" width=\"676\" height=\"480\" src=\"https:\/\/scrapbretagne.fr\/blog\/wp-content\/uploads\/2024\/12\/Poudres-Infusions.jpg\" alt=\"\" class=\"wp-image-6909 size-full\" srcset=\"https:\/\/scrapbretagne.fr\/blog\/wp-content\/uploads\/2024\/12\/Poudres-Infusions.jpg 676w, https:\/\/scrapbretagne.fr\/blog\/wp-content\/uploads\/2024\/12\/Poudres-Infusions-300x213.jpg 300w\" sizes=\"auto, (max-width: 676px) 100vw, 676px\" \/><\/figure><div class=\"wp-block-media-text__content\">\n<p><\/p>\n\n\n\n<ul class=\"wp-block-list\">\n<li>Certaines ne sont que de la poudre colorante, exemple&nbsp;: Brusho<\/li>\n\n\n\n<li>d&#8217;autres contiennent des particules de noix, exemple&nbsp;: Infusions, Bistre<\/li>\n\n\n\n<li>d&#8217;autres contiennent \u00e9galement des particules, comme le mica, pour donner des effets nacr\u00e9s ou m\u00e9talliques, exemples&nbsp;: Lindy\u2019s Magicals, Perfect Pearls.<\/li>\n<\/ul>\n<\/div><\/div>\n\n\n\n<p>Toutes peuvent \u00eatre activ\u00e9es avec de l&#8217;eau (restent r\u00e9actives) et d&#8217;autres produits humides tels que des gels ou des peintures (deviennent permanents).<\/p>\n\n\n\n<p>Exemples de techniques&nbsp;:<\/p>\n\n\n\n<ol class=\"wp-block-list\">\n<li>Pulv\u00e9riser et saupoudrer \/ saupoudrer et pulv\u00e9riser&nbsp;<\/li>\n\n\n\n<li>Vaporiser et saupoudrer sur une forme contr\u00f4l\u00e9e comme un carr\u00e9<\/li>\n\n\n\n<li>Utiliser avec une r\u00e9sine tamponn\u00e9e en utilisant de l&#8217;encre \u00e0 base d&#8217;huile<\/li>\n\n\n\n<li>Sur Versamark, par exemple des poudres de mica sur du papier noir<\/li>\n\n\n\n<li>S\u00e9parer le noir de la couleur pour l&#8217;utiliser s\u00e9par\u00e9ment<\/li>\n\n\n\n<li>M\u00e9langer \u00e0 la peinture \/ au gel \/ &#8230;<\/li>\n\n\n\n<li>M\u00e9langer avec de l&#8217;eau sous forme de spray &#8211; Assurez-vous que tout est dissous !<\/li>\n\n\n\n<li>Utiliser d&#8217;autres sprays \u00e0 la place de l&#8217;eau pour un effet diff\u00e9rent<\/li>\n\n\n\n<li>Utiliser la couleur directement sur votre tampon et vaporiser-la avec de l&#8217;eau avant de tamponner &#8211; elle t\u00e2chera les tampons transparents. exemple : <a href=\"https:\/\/colourcraftblog.blogspot.com\/2018\/08\/powder-to-stamp-techniques-by-karen.html\">https:\/\/colourcraftblog.blogspot.com\/2018\/08\/powder-to-stamp-techniques-by-karen.html<\/a><\/li>\n<\/ol>\n\n\n\n<p>Vous trouverez plus d&#8217;inspiration et d&#8217;explications sur les techniques :<\/p>\n\n\n\n<ul class=\"wp-block-list\">\n<li>sur YouTube&nbsp;: <a href=\"https:\/\/bit.ly\/KerudocYoutube\">https:\/\/bit.ly\/KerudocYoutube<\/a><\/li>\n<\/ul>\n\n\n\n<ul class=\"wp-block-list\">\n<li>sur mon ancien blog &#8211; Brusho&nbsp;: <a href=\"https:\/\/karenscreation.blogspot.com\/search\/label\/Brusho\">https:\/\/karenscreation.blogspot.com\/search\/label\/Brusho<\/a><\/li>\n<\/ul>\n\n\n\n<ul class=\"wp-block-list\">\n<li>PaperArtsy (inclus Infusions) &nbsp;<a href=\"https:\/\/karenscreation.blogspot.com\/search\/label\/PaperArtsy\">https:\/\/karenscreation.blogspot.com\/search\/label\/PaperArtsy<\/a><\/li>\n<\/ul>\n\n\n\n<ul class=\"wp-block-list\">\n<li>Sur le blog de ColourCraft Ltd \u2013 fabricants de Brusho (mes projets sont sous mon nom)<\/li>\n<\/ul>\n\n\n\n<ul class=\"wp-block-list\">\n<li>Sur le blog de PaperArtsy ou le \u2018PaperArtsy People\u2019 FB groupe \u2013 recherche Infusions<\/li>\n<\/ul>\n\n\n\n<p>Karen James<\/p>\n\n\n\n<p>www.kerudoccreation.com<\/p>\n\n\n\n<div class=\"wp-block-buttons is-layout-flex wp-container-core-buttons-is-layout-a74382ec wp-block-buttons-is-layout-flex\">\n<div class=\"wp-block-button is-style-outline is-style-outline--1\"><a class=\"wp-block-button__link wp-element-button\" href=\"https:\/\/scrapbretagne.fr\/blog\/wp-content\/uploads\/2024\/12\/Pigments-en-poudres.pdf\"><strong>Imprimer le document<\/strong><\/a><\/div>\n<\/div>\n\n\n\n<p><\/p>\n","protected":false},"excerpt":{"rendered":"<p>Pigments en poudres pour scrapbooking et mixed media L&#8217;utilisation de pigments en poudre remonte aux peintures rupestres, comme la grotte de Lascaux, \u00e0 l&#8217;ocre, \u00e0 la craie et au charbon. Puis, au fil du temps, diff\u00e9rentes cultures ont introduit des min\u00e9raux broy\u00e9s et des couleurs v\u00e9g\u00e9tales et animaux. La plupart sont d\u00e9sormais produites de mani\u00e8re&hellip; <a href=\"https:\/\/scrapbretagne.fr\/blog\/?page_id=6899\" class=\"more-link\">Lire la suite <span class=\"screen-reader-text\">Poudres<\/span><\/a><\/p>\n","protected":false},"author":3,"featured_media":0,"parent":3187,"menu_order":0,"comment_status":"closed","ping_status":"closed","template":"","meta":{"footnotes":""},"class_list":["post-6899","page","type-page","status-publish","hentry","without-featured-image"],"_links":{"self":[{"href":"https:\/\/scrapbretagne.fr\/blog\/index.php?rest_route=\/wp\/v2\/pages\/6899","targetHints":{"allow":["GET"]}}],"collection":[{"href":"https:\/\/scrapbretagne.fr\/blog\/index.php?rest_route=\/wp\/v2\/pages"}],"about":[{"href":"https:\/\/scrapbretagne.fr\/blog\/index.php?rest_route=\/wp\/v2\/types\/page"}],"author":[{"embeddable":true,"href":"https:\/\/scrapbretagne.fr\/blog\/index.php?rest_route=\/wp\/v2\/users\/3"}],"replies":[{"embeddable":true,"href":"https:\/\/scrapbretagne.fr\/blog\/index.php?rest_route=%2Fwp%2Fv2%2Fcomments&post=6899"}],"version-history":[{"count":11,"href":"https:\/\/scrapbretagne.fr\/blog\/index.php?rest_route=\/wp\/v2\/pages\/6899\/revisions"}],"predecessor-version":[{"id":6915,"href":"https:\/\/scrapbretagne.fr\/blog\/index.php?rest_route=\/wp\/v2\/pages\/6899\/revisions\/6915"}],"up":[{"embeddable":true,"href":"https:\/\/scrapbretagne.fr\/blog\/index.php?rest_route=\/wp\/v2\/pages\/3187"}],"wp:attachment":[{"href":"https:\/\/scrapbretagne.fr\/blog\/index.php?rest_route=%2Fwp%2Fv2%2Fmedia&parent=6899"}],"curies":[{"name":"wp","href":"https:\/\/api.w.org\/{rel}","templated":true}]}}